{"id":44314,"date":"2025-06-19T01:49:09","date_gmt":"2025-06-18T22:49:09","guid":{"rendered":"https:\/\/forsakw.com\/?post_type=product&#038;p=44314"},"modified":"2026-04-04T18:41:39","modified_gmt":"2026-04-04T15:41:39","slug":"panasonic-front-load-washer-9kg-1400-rpm","status":"publish","type":"product","link":"https:\/\/forsakw.com\/ar\/product\/panasonic-front-load-washer-9kg-1400-rpm\/","title":{"rendered":"\u063a\u0633\u0627\u0644\u0629 \u0628\u0627\u0646\u0627\u0633\u0648\u0646\u064a\u0643 \u062a\u0639\u0628\u0626\u0629 \u0623\u0645\u0627\u0645\u064a\u0629 9 \u0643\u062c\u0645 1400 \u062f\u0648\u0631\u0629 \u0641\u064a \u0627\u0644\u062f\u0642\u064a\u0642\u0629"},"content":{"rendered":"<p><strong>Electrical Information\u00a0\u00a0\u00a0\u00a0\u00a0\u00a0\u00a0\u00a0\u00a0\u00a0\u00a0\u00a0\u00a0\u00a0\u00a0\u00a0\u00a0\u00a0<\/strong><\/p>\n<ul>\n<li>Rated Power Supply: 220-240 V<\/li>\n<li>Rated Frequency: 50 \/ 60Hz<\/li>\n<li>Rated Washing Capacity: 9kg<\/li>\n<li>Rated Spinning Capacity: 9kg<\/li>\n<li>Rated Power: 1900 W<\/li>\n<li>Rated Current: 10 A<\/li>\n<li>Max. Spin Speed: 1400 RPM<\/li>\n<li>Standard Water Pressure: 0.05\uff5e1 MPA<\/li>\n<li>Off-Mode Power (W): off mode 0.5 left-on mode 1.0<\/li>\n<li>Spin-selection (RPM): 0-400-600-800-1000-1200-1400<\/li>\n<li>Temp. Selection (\u2103): cold-20-30-40-60-90<\/li>\n<li>Heat Power (W): 1800<\/li>\n<li>Cabinet Type: Painted\/PCM<\/li>\n<li>Door: C19 Chrome Door<\/li>\n<li>Knob: Chrome<\/li>\n<li>Display Type: LED<\/li>\n<li>Display Color: White<\/li>\n<li>Drum Material: 430 Stainless Steel<\/li>\n<li>Accessories Supplied: Water Inlet Pipe, User Manual<\/li>\n<li>Door Lock: Electromagnetic Lock<\/li>\n<li>Motor: BLDC Motor<\/li>\n<li>Motor Power: Washing 70<\/li>\n<li>SPIN: 420&#8243;<\/li>\n<li>Plug Type: BS Plug (SA\uff09<\/li>\n<li>Plug Rating: 13A<\/li>\n<li>Power Cord Length: 1.5 M<\/li>\n<li>Water Inlet Hose Length: 1.0 M<\/li>\n<\/ul>\n<p><strong>Energy Rating\u00a0\u00a0\u00a0\u00a0\u00a0\u00a0\u00a0\u00a0\u00a0\u00a0\u00a0\u00a0\u00a0\u00a0\u00a0\u00a0\u00a0\u00a0<\/strong><\/p>\n<ul>\n<li>SASO: A<\/li>\n<li>ECAS: 5 STAR<\/li>\n<\/ul>\n<p><strong>\u0627\u0644\u0645\u064a\u0632\u0629\u00a0\u00a0\u00a0\u00a0\u00a0\u00a0\u00a0\u00a0\u00a0\u00a0\u00a0 \u00a0\u00a0\u00a0\u00a0\u00a0\u00a0\u00a0\u00a0\u00a0\u00a0\u00a0\u00a0\u00a0\u00a0\u00a0\u00a0\u00a0\u00a0\u00a0<\/strong><\/p>\n<ul>\n<li>Big Wing Lifting Rib: Yes<\/li>\n<li>Water Cube Drum: Yes<\/li>\n<li>Add Garment: Yes<\/li>\n<li>Anti-Bacteria Door Gasket: Yes<\/li>\n<\/ul>\n<p><strong>Programs: 15<\/strong><\/p>\n<ul>\n<li>Cotton: Yes<\/li>\n<li>Synthetic: Yes<\/li>\n<li>Mix: Yes<\/li>\n<li>Active Speed: Yes<\/li>\n<li>Sportswear: Yes<\/li>\n<li>Baby Care: Yes<\/li>\n<li>Jeans: Yes<\/li>\n<li>Rinse and Spin: Yes<\/li>\n<li>Spin Only: Yes<\/li>\n<li>Bulky: Yes<\/li>\n<li>Cold Wash: Yes<\/li>\n<li>Abaya\/Delicates: Yes<\/li>\n<li>Cotton ECO: Yes<\/li>\n<li>Quick 15\u2032: Yes<\/li>\n<li>Rapid 45\u2032: Yes<\/li>\n<\/ul>\n<p><strong>Button Function\u00a0\u00a0\u00a0\u00a0\u00a0\u00a0\u00a0\u00a0\u00a0\u00a0\u00a0\u00a0\u00a0\u00a0\u00a0\u00a0\u00a0\u00a0\u00a0\u00a0\u00a0\u00a0\u00a0\u00a0\u00a0\u00a0\u00a0\u00a0\u00a0<\/strong><\/p>\n<ul>\n<li>Start\/Pause: Yes<\/li>\n<li>Temperature: Yes<\/li>\n<li>Spin Speed: Yes<\/li>\n<li>Delay: Yes \uff0824 hours\uff09<\/li>\n<li>Function (Prewash\/Extra Rinse\/Extra Wash): Yes<\/li>\n<\/ul>\n<p><strong>Function\u00a0\u00a0\u00a0\u00a0\u00a0\u00a0\u00a0\u00a0\u00a0\u00a0\u00a0\u00a0\u00a0\u00a0\u00a0\u00a0\u00a0\u00a0\u00a0\u00a0\u00a0\u00a0\u00a0\u00a0\u00a0\u00a0\u00a0\u00a0<\/strong><\/p>\n<ul>\n<li>Child Lock: Yes<\/li>\n<li>Auto Restart: Yes<\/li>\n<li>Remaining Time Display: Yes<\/li>\n<li>Reload (Press 3 Seconds): Yes<\/li>\n<li>Rat Cover: Yes<\/li>\n<li>Hygiene Pro: Yes<\/li>\n<\/ul>\n<p><strong>\u0627\u0644\u0645\u0648\u0627\u0635\u0641\u0627\u062a\u00a0\u00a0\u00a0\u00a0\u00a0\u00a0\u00a0\u00a0\u00a0\u00a0\u00a0\u00a0\u00a0\u00a0\u00a0\u00a0\u00a0<\/strong><\/p>\n<ul>\n<li>Volume Of Inner Tub (L): 64.0 L<\/li>\n<li>Diameter Of Inner Tub: 510mm<\/li>\n<li>Door Diameter: 330 mm<\/li>\n<li>Door Outer Frame Diameter (outer): 480mm<\/li>\n<li>Cabinet Depth: 535mm<\/li>\n<li>Net Dimensions (W\u00d7D\u00d7H):\u00a0 595\u00d7 535\u00d7 850mm<\/li>\n<li>Gross Dimensions (W\u00d7D\u00d7H): 680\u00d7 660\u00d7 875mm<\/li>\n<li>Net Weight: 65kg<\/li>\n<li>Gross Weight: 69kg<\/li>\n<\/ul>\n<p><strong>Loading Q&#8217;ty<\/strong><\/p>\n<ul>\n<li>20 ft: 48<\/li>\n<li>40 ft Normal: 102<\/li>\n<li>40 ft High: 159<\/li>\n<\/ul>\n<div id=\"tw-target-text-container\" class=\"tw-ta-container tw-lfl\" tabindex=\"0\" role=\"text\">\n<h6 id=\"tw-target-text\" class=\"tw-data-text tw-text-large tw-ta\" dir=\"rtl\" data-placeholder=\"Translation\" data-ved=\"2ahUKEwia7IT66_qNAxUfRKQEHcqpAckQ3ewLegQICRAV\" aria-label=\"Translated text: \u063a\u0633\u0627\u0644\u0629 \u0628\u0627\u0646\u0627\u0633\u0648\u0646\u064a\u0643 \u062a\u062d\u0645\u064a\u0644 \u0623\u0645\u0627\u0645\u064a \u0633\u0639\u0629 9 \u0643\u062c\u0645 1400 \u062f\u0648\u0631\u0629 \u0641\u064a \u0627\u0644\u062f\u0642\u064a\u0642\u0629\"><span class=\"Y2IQFc\" lang=\"ar\">\u063a\u0633\u0627\u0644\u0629 \u0628\u0627\u0646\u0627\u0633\u0648\u0646\u064a\u0643 \u062a\u062d\u0645\u064a\u0644 \u0623\u0645\u0627\u0645\u064a \u0633\u0639\u0629 9 \u0643\u062c\u0645 1400 \u062f\u0648\u0631\u0629 \u0641\u064a \u0627\u0644\u062f\u0642\u064a\u0642\u0629<\/span><\/h6>\n<\/div>\n<div id=\"tw-target-rmn-container\" class=\"tw-target-rmn tw-ta-container tw-nfl\" tabindex=\"0\" role=\"text\"><\/div>","protected":false},"excerpt":{"rendered":"<p>Electrical Information\u00a0\u00a0\u00a0\u00a0\u00a0\u00a0\u00a0\u00a0\u00a0\u00a0\u00a0\u00a0\u00a0\u00a0\u00a0\u00a0\u00a0\u00a0 Rated Power Supply: 220-240 V Rated Frequency: 50 \/ 60Hz Rated Washing Capacity: 9kg Rated Spinning Capacity: 9kg<\/p>","protected":false},"featured_media":44315,"comment_status":"open","ping_status":"closed","template":"","meta":[],"product_brand":[1796],"product_cat":[1464,3325,2810,2438],"product_tag":[3327,2440],"class_list":{"0":"post-44314","1":"product","2":"type-product","3":"status-publish","4":"has-post-thumbnail","6":"product_brand-panasonic","7":"product_cat-home-electronics","8":"product_cat-products-deema","9":"product_cat-washers-dryers","10":"product_cat-washing-machine","11":"product_tag-home-electronics-deema","12":"product_tag-washing-machine","14":"first","15":"instock","16":"sale","17":"shipping-taxable","18":"purchasable","19":"product-type-simple"},"pure_taxonomies":{"product_brand":[{"term_id":1796,"name":"PANASONIC","slug":"panasonic","term_group":0,"term_taxonomy_id":1796,"taxonomy":"product_brand","description":"","parent":0,"count":115,"filter":"raw","image":""}],"product_cat":[{"term_id":1464,"name":"Home Electronics","slug":"home-electronics","term_group":0,"term_taxonomy_id":1464,"taxonomy":"product_cat","description":"","parent":0,"count":114,"filter":"raw","image":""},{"term_id":3325,"name":"Products Deema","slug":"products-deema","term_group":0,"term_taxonomy_id":3325,"taxonomy":"product_cat","description":"","parent":0,"count":885,"filter":"raw","image":""},{"term_id":2810,"name":"Washers &amp; Dryers","slug":"washers-dryers","term_group":0,"term_taxonomy_id":2810,"taxonomy":"product_cat","description":"","parent":1464,"count":34,"filter":"raw","image":""},{"term_id":2438,"name":"Washing Machine","slug":"washing-machine","term_group":0,"term_taxonomy_id":2438,"taxonomy":"product_cat","description":"","parent":0,"count":36,"filter":"raw","image":""}],"product_tag":[{"term_id":3327,"name":"Home Electronics Deema","slug":"home-electronics-deema","term_group":0,"term_taxonomy_id":3327,"taxonomy":"product_tag","description":"","parent":0,"count":41,"filter":"raw","image":""},{"term_id":2440,"name":"Washing Machine","slug":"washing-machine","term_group":0,"term_taxonomy_id":2440,"taxonomy":"product_tag","description":"","parent":0,"count":36,"filter":"raw","image":""}]},"yoast_head":"<!-- This site is optimized with the Yoast SEO Premium plugin v26.8 (Yoast SEO v27.3) - https:\/\/yoast.com\/product\/yoast-seo-premium-wordpress\/ -->\n<title>Panasonic Front Load Washer 9kg 1400 RPM - Forsa Kuwait<\/title>\n<meta name=\"description\" content=\"Panasonic Front Load Washer 9kg 1400 RPM\" \/>\n<meta name=\"robots\" content=\"index, follow, max-snippet:-1, max-image-preview:large, max-video-preview:-1\" \/>\n<link rel=\"canonical\" href=\"https:\/\/forsakw.com\/ar\/product\/panasonic-front-load-washer-9kg-1400-rpm\/\" \/>\n<meta property=\"og:locale\" content=\"ar_AR\" \/>\n<meta property=\"og:type\" content=\"article\" \/>\n<meta property=\"og:title\" content=\"Panasonic Front Load Washer 9kg 1400 RPM\" \/>\n<meta property=\"og:description\" content=\"Panasonic Front Load Washer 9kg 1400 RPM\" \/>\n<meta property=\"og:url\" content=\"https:\/\/forsakw.com\/ar\/product\/panasonic-front-load-washer-9kg-1400-rpm\/\" \/>\n<meta property=\"og:site_name\" content=\"Forsa Kuwait\" \/>\n<meta property=\"article:modified_time\" content=\"2026-04-04T15:41:39+00:00\" \/>\n<meta property=\"og:image\" content=\"https:\/\/forsakw.com\/wp-content\/uploads\/2025\/06\/1-277.webp\" \/>\n\t<meta property=\"og:image:width\" content=\"1200\" \/>\n\t<meta property=\"og:image:height\" content=\"1200\" \/>\n\t<meta property=\"og:image:type\" content=\"image\/jpeg\" \/>\n<meta name=\"twitter:card\" content=\"summary_large_image\" \/>\n<meta name=\"twitter:label1\" content=\"\u0627\u0644\u0633\u0639\u0631\" \/>\n\t<meta name=\"twitter:data1\" content=\"185.900&nbsp;&#x62f;.&#x643;\" \/>\n\t<meta name=\"twitter:label2\" content=\"\u0627\u0644\u062a\u0648\u0641\u0631\" \/>\n\t<meta name=\"twitter:data2\" content=\"\u0645\u062a\u0648\u0641\u0631 \u0641\u064a \u0627\u0644\u0645\u062e\u0632\u0648\u0646\" \/>\n<script type=\"application\/ld+json\" class=\"yoast-schema-graph\">{\"@context\":\"https:\\\/\\\/schema.org\",\"@graph\":[{\"@type\":\"WebPage\",\"@id\":\"https:\\\/\\\/forsakw.com\\\/product\\\/panasonic-front-load-washer-9kg-1400-rpm\\\/\",\"url\":\"https:\\\/\\\/forsakw.com\\\/product\\\/panasonic-front-load-washer-9kg-1400-rpm\\\/\",\"name\":\"Panasonic Front Load Washer 9kg 1400 RPM - Forsa Kuwait\",\"isPartOf\":{\"@id\":\"https:\\\/\\\/forsakw.com\\\/#website\"},\"primaryImageOfPage\":{\"@id\":\"https:\\\/\\\/forsakw.com\\\/product\\\/panasonic-front-load-washer-9kg-1400-rpm\\\/#primaryimage\"},\"image\":{\"@id\":\"https:\\\/\\\/forsakw.com\\\/product\\\/panasonic-front-load-washer-9kg-1400-rpm\\\/#primaryimage\"},\"thumbnailUrl\":\"https:\\\/\\\/i0.wp.com\\\/forsakw.com\\\/wp-content\\\/uploads\\\/2025\\\/06\\\/1-277_logo_forsa.webp?fit=1200%2C1200&ssl=1\",\"datePublished\":\"2025-06-18T22:49:09+00:00\",\"dateModified\":\"2026-04-04T15:41:39+00:00\",\"description\":\"Panasonic Front Load Washer 9kg 1400 RPM\",\"breadcrumb\":{\"@id\":\"https:\\\/\\\/forsakw.com\\\/product\\\/panasonic-front-load-washer-9kg-1400-rpm\\\/#breadcrumb\"},\"inLanguage\":\"ar\",\"potentialAction\":[{\"@type\":\"ReadAction\",\"target\":[\"https:\\\/\\\/forsakw.com\\\/product\\\/panasonic-front-load-washer-9kg-1400-rpm\\\/\"]}]},{\"@type\":\"ImageObject\",\"inLanguage\":\"ar\",\"@id\":\"https:\\\/\\\/forsakw.com\\\/product\\\/panasonic-front-load-washer-9kg-1400-rpm\\\/#primaryimage\",\"url\":\"https:\\\/\\\/i0.wp.com\\\/forsakw.com\\\/wp-content\\\/uploads\\\/2025\\\/06\\\/1-277_logo_forsa.webp?fit=1200%2C1200&ssl=1\",\"contentUrl\":\"https:\\\/\\\/i0.wp.com\\\/forsakw.com\\\/wp-content\\\/uploads\\\/2025\\\/06\\\/1-277_logo_forsa.webp?fit=1200%2C1200&ssl=1\",\"width\":1200,\"height\":1200},{\"@type\":\"BreadcrumbList\",\"@id\":\"https:\\\/\\\/forsakw.com\\\/product\\\/panasonic-front-load-washer-9kg-1400-rpm\\\/#breadcrumb\",\"itemListElement\":[{\"@type\":\"ListItem\",\"position\":1,\"name\":\"Home\",\"item\":\"https:\\\/\\\/forsakw.com\\\/\"},{\"@type\":\"ListItem\",\"position\":2,\"name\":\"Shop\",\"item\":\"https:\\\/\\\/forsakw.com\\\/shop\\\/\"},{\"@type\":\"ListItem\",\"position\":3,\"name\":\"Panasonic Front Load Washer 9kg 1400 RPM\"}]},{\"@type\":\"WebSite\",\"@id\":\"https:\\\/\\\/forsakw.com\\\/#website\",\"url\":\"https:\\\/\\\/forsakw.com\\\/\",\"name\":\"Forsa Kuwait\",\"description\":\"\",\"publisher\":{\"@id\":\"https:\\\/\\\/forsakw.com\\\/#organization\"},\"potentialAction\":[{\"@type\":\"SearchAction\",\"target\":{\"@type\":\"EntryPoint\",\"urlTemplate\":\"https:\\\/\\\/forsakw.com\\\/?s={search_term_string}\"},\"query-input\":{\"@type\":\"PropertyValueSpecification\",\"valueRequired\":true,\"valueName\":\"search_term_string\"}}],\"inLanguage\":\"ar\"},{\"@type\":[\"Organization\",\"Place\",\"ShoppingCenter\"],\"@id\":\"https:\\\/\\\/forsakw.com\\\/#organization\",\"name\":\"Forsa Kuwait\",\"url\":\"https:\\\/\\\/forsakw.com\\\/\",\"logo\":{\"@id\":\"https:\\\/\\\/forsakw.com\\\/product\\\/panasonic-front-load-washer-9kg-1400-rpm\\\/#local-main-organization-logo\"},\"image\":{\"@id\":\"https:\\\/\\\/forsakw.com\\\/product\\\/panasonic-front-load-washer-9kg-1400-rpm\\\/#local-main-organization-logo\"},\"hasMerchantReturnPolicy\":{\"@type\":\"MerchantReturnPolicy\",\"merchantReturnLink\":\"https:\\\/\\\/forsakw.com\\\/ar\\\/return-policy\\\/\"},\"address\":{\"@id\":\"https:\\\/\\\/forsakw.com\\\/product\\\/panasonic-front-load-washer-9kg-1400-rpm\\\/#local-main-place-address\"},\"telephone\":[],\"openingHoursSpecification\":[{\"@type\":\"OpeningHoursSpecification\",\"dayOfWeek\":[\"Saturday\",\"Sunday\",\"Monday\",\"Tuesday\",\"Wednesday\",\"Thursday\",\"Friday\"],\"opens\":\"09:00\",\"closes\":\"17:00\"}]},{\"@type\":\"PostalAddress\",\"@id\":\"https:\\\/\\\/forsakw.com\\\/product\\\/panasonic-front-load-washer-9kg-1400-rpm\\\/#local-main-place-address\",\"streetAddress\":\"Kuwait, Khaitan, Muscat Street, Fahad Abdullah Al Dabbous Complex\",\"addressLocality\":\"Khaitan\",\"postalCode\":\"83052\",\"addressRegion\":\"Kuwait\",\"addressCountry\":\"KW\"},{\"@type\":\"ImageObject\",\"inLanguage\":\"ar\",\"@id\":\"https:\\\/\\\/forsakw.com\\\/product\\\/panasonic-front-load-washer-9kg-1400-rpm\\\/#local-main-organization-logo\",\"url\":\"https:\\\/\\\/i0.wp.com\\\/forsakw.com\\\/wp-content\\\/uploads\\\/2025\\\/01\\\/logo-foo.png?fit=2048%2C1756&ssl=1\",\"contentUrl\":\"https:\\\/\\\/i0.wp.com\\\/forsakw.com\\\/wp-content\\\/uploads\\\/2025\\\/01\\\/logo-foo.png?fit=2048%2C1756&ssl=1\",\"width\":2048,\"height\":1756,\"caption\":\"Forsa Kuwait\"}]}<\/script>\n<meta property=\"product:brand\" content=\"PANASONIC\" \/>\n<meta property=\"product:price:amount\" content=\"185.900\" \/>\n<meta property=\"product:price:currency\" content=\"KWD\" \/>\n<meta property=\"og:availability\" content=\"instock\" \/>\n<meta property=\"product:availability\" content=\"instock\" \/>\n<meta property=\"product:retailer_item_id\" content=\"NA-18MG1WKW\" \/>\n<meta property=\"product:condition\" content=\"new\" \/>\n<meta name=\"geo.placename\" content=\"Khaitan\" \/>\n<meta name=\"geo.region\" content=\"\u0627\u0644\u0643\u0648\u064a\u062a\" \/>\n<!-- \/ Yoast SEO Premium plugin. -->","yoast_head_json":{"title":"Panasonic Front Load Washer 9kg 1400 RPM - Forsa Kuwait","description":"\u063a\u0633\u0627\u0644\u0629 \u0628\u0627\u0646\u0627\u0633\u0648\u0646\u064a\u0643 \u062a\u0639\u0628\u0626\u0629 \u0623\u0645\u0627\u0645\u064a\u0629 9 \u0643\u062c\u0645 1400 \u062f\u0648\u0631\u0629 \u0641\u064a \u0627\u0644\u062f\u0642\u064a\u0642\u0629","robots":{"index":"index","follow":"follow","max-snippet":"max-snippet:-1","max-image-preview":"max-image-preview:large","max-video-preview":"max-video-preview:-1"},"canonical":"https:\/\/forsakw.com\/ar\/product\/panasonic-front-load-washer-9kg-1400-rpm\/","og_locale":"ar_AR","og_type":"article","og_title":"Panasonic Front Load Washer 9kg 1400 RPM","og_description":"Panasonic Front Load Washer 9kg 1400 RPM","og_url":"https:\/\/forsakw.com\/ar\/product\/panasonic-front-load-washer-9kg-1400-rpm\/","og_site_name":"Forsa Kuwait","article_modified_time":"2026-04-04T15:41:39+00:00","og_image":[{"width":1200,"height":1200,"url":"https:\/\/forsakw.com\/wp-content\/uploads\/2025\/06\/1-277.webp","type":"image\/jpeg"}],"twitter_card":"summary_large_image","twitter_misc":{"\u0627\u0644\u0633\u0639\u0631":"185.900&nbsp;&#x62f;.&#x643;","\u0627\u0644\u062a\u0648\u0641\u0631":"\u0645\u062a\u0648\u0641\u0631 \u0641\u064a \u0627\u0644\u0645\u062e\u0632\u0648\u0646"},"schema":{"@context":"https:\/\/schema.org","@graph":[{"@type":"WebPage","@id":"https:\/\/forsakw.com\/product\/panasonic-front-load-washer-9kg-1400-rpm\/","url":"https:\/\/forsakw.com\/product\/panasonic-front-load-washer-9kg-1400-rpm\/","name":"Panasonic Front Load Washer 9kg 1400 RPM - Forsa Kuwait","isPartOf":{"@id":"https:\/\/forsakw.com\/#website"},"primaryImageOfPage":{"@id":"https:\/\/forsakw.com\/product\/panasonic-front-load-washer-9kg-1400-rpm\/#primaryimage"},"image":{"@id":"https:\/\/forsakw.com\/product\/panasonic-front-load-washer-9kg-1400-rpm\/#primaryimage"},"thumbnailUrl":"https:\/\/i0.wp.com\/forsakw.com\/wp-content\/uploads\/2025\/06\/1-277_logo_forsa.webp?fit=1200%2C1200&ssl=1","datePublished":"2025-06-18T22:49:09+00:00","dateModified":"2026-04-04T15:41:39+00:00","description":"\u063a\u0633\u0627\u0644\u0629 \u0628\u0627\u0646\u0627\u0633\u0648\u0646\u064a\u0643 \u062a\u0639\u0628\u0626\u0629 \u0623\u0645\u0627\u0645\u064a\u0629 9 \u0643\u062c\u0645 1400 \u062f\u0648\u0631\u0629 \u0641\u064a \u0627\u0644\u062f\u0642\u064a\u0642\u0629","breadcrumb":{"@id":"https:\/\/forsakw.com\/product\/panasonic-front-load-washer-9kg-1400-rpm\/#breadcrumb"},"inLanguage":"ar","potentialAction":[{"@type":"ReadAction","target":["https:\/\/forsakw.com\/product\/panasonic-front-load-washer-9kg-1400-rpm\/"]}]},{"@type":"ImageObject","inLanguage":"ar","@id":"https:\/\/forsakw.com\/product\/panasonic-front-load-washer-9kg-1400-rpm\/#primaryimage","url":"https:\/\/i0.wp.com\/forsakw.com\/wp-content\/uploads\/2025\/06\/1-277_logo_forsa.webp?fit=1200%2C1200&ssl=1","contentUrl":"https:\/\/i0.wp.com\/forsakw.com\/wp-content\/uploads\/2025\/06\/1-277_logo_forsa.webp?fit=1200%2C1200&ssl=1","width":1200,"height":1200},{"@type":"BreadcrumbList","@id":"https:\/\/forsakw.com\/product\/panasonic-front-load-washer-9kg-1400-rpm\/#breadcrumb","itemListElement":[{"@type":"ListItem","position":1,"name":"Home","item":"https:\/\/forsakw.com\/"},{"@type":"ListItem","position":2,"name":"Shop","item":"https:\/\/forsakw.com\/shop\/"},{"@type":"ListItem","position":3,"name":"Panasonic Front Load Washer 9kg 1400 RPM"}]},{"@type":"WebSite","@id":"https:\/\/forsakw.com\/#website","url":"https:\/\/forsakw.com\/","name":"\u0641\u0631\u0635\u0629 \u0627\u0644\u0643\u0648\u064a\u062a","description":"","publisher":{"@id":"https:\/\/forsakw.com\/#organization"},"potentialAction":[{"@type":"SearchAction","target":{"@type":"EntryPoint","urlTemplate":"https:\/\/forsakw.com\/?s={search_term_string}"},"query-input":{"@type":"PropertyValueSpecification","valueRequired":true,"valueName":"search_term_string"}}],"inLanguage":"ar"},{"@type":["Organization","Place","ShoppingCenter"],"@id":"https:\/\/forsakw.com\/#organization","name":"\u0641\u0631\u0635\u0629 \u0627\u0644\u0643\u0648\u064a\u062a","url":"https:\/\/forsakw.com\/","logo":{"@id":"https:\/\/forsakw.com\/product\/panasonic-front-load-washer-9kg-1400-rpm\/#local-main-organization-logo"},"image":{"@id":"https:\/\/forsakw.com\/product\/panasonic-front-load-washer-9kg-1400-rpm\/#local-main-organization-logo"},"hasMerchantReturnPolicy":{"@type":"MerchantReturnPolicy","merchantReturnLink":"https:\/\/forsakw.com\/ar\/return-policy\/"},"address":{"@id":"https:\/\/forsakw.com\/product\/panasonic-front-load-washer-9kg-1400-rpm\/#local-main-place-address"},"telephone":[],"openingHoursSpecification":[{"@type":"OpeningHoursSpecification","dayOfWeek":["Saturday","Sunday","Monday","Tuesday","Wednesday","Thursday","Friday"],"opens":"09:00","closes":"17:00"}]},{"@type":"PostalAddress","@id":"https:\/\/forsakw.com\/product\/panasonic-front-load-washer-9kg-1400-rpm\/#local-main-place-address","streetAddress":"Kuwait, Khaitan, Muscat Street, Fahad Abdullah Al Dabbous Complex","addressLocality":"Khaitan","postalCode":"83052","addressRegion":"Kuwait","addressCountry":"KW"},{"@type":"ImageObject","inLanguage":"ar","@id":"https:\/\/forsakw.com\/product\/panasonic-front-load-washer-9kg-1400-rpm\/#local-main-organization-logo","url":"https:\/\/i0.wp.com\/forsakw.com\/wp-content\/uploads\/2025\/01\/logo-foo.png?fit=2048%2C1756&ssl=1","contentUrl":"https:\/\/i0.wp.com\/forsakw.com\/wp-content\/uploads\/2025\/01\/logo-foo.png?fit=2048%2C1756&ssl=1","width":2048,"height":1756,"caption":"Forsa Kuwait"}]},"product_brand":"PANASONIC","product_price_amount":"185.900","product_price_currency":"KWD","og_availability":"instock","product_availability":"instock","product_retailer_item_id":"NA-18MG1WKW","product_condition":"new","geo.placename":"Khaitan","geo.region":"\u0627\u0644\u0643\u0648\u064a\u062a"},"jetpack_sharing_enabled":true,"jetpack-related-posts":[],"_links":{"self":[{"href":"https:\/\/forsakw.com\/ar\/wp-json\/wp\/v2\/product\/44314","targetHints":{"allow":["GET"]}}],"collection":[{"href":"https:\/\/forsakw.com\/ar\/wp-json\/wp\/v2\/product"}],"about":[{"href":"https:\/\/forsakw.com\/ar\/wp-json\/wp\/v2\/types\/product"}],"replies":[{"embeddable":true,"href":"https:\/\/forsakw.com\/ar\/wp-json\/wp\/v2\/comments?post=44314"}],"version-history":[{"count":0,"href":"https:\/\/forsakw.com\/ar\/wp-json\/wp\/v2\/product\/44314\/revisions"}],"wp:featuredmedia":[{"embeddable":true,"href":"https:\/\/forsakw.com\/ar\/wp-json\/wp\/v2\/media\/44315"}],"wp:attachment":[{"href":"https:\/\/forsakw.com\/ar\/wp-json\/wp\/v2\/media?parent=44314"}],"wp:term":[{"taxonomy":"product_brand","embeddable":true,"href":"https:\/\/forsakw.com\/ar\/wp-json\/wp\/v2\/product_brand?post=44314"},{"taxonomy":"product_cat","embeddable":true,"href":"https:\/\/forsakw.com\/ar\/wp-json\/wp\/v2\/product_cat?post=44314"},{"taxonomy":"product_tag","embeddable":true,"href":"https:\/\/forsakw.com\/ar\/wp-json\/wp\/v2\/product_tag?post=44314"}],"curies":[{"name":"wp","href":"https:\/\/api.w.org\/{rel}","templated":true}]}}