{"id":38572,"date":"2025-05-21T14:39:25","date_gmt":"2025-05-21T11:39:25","guid":{"rendered":"https:\/\/forsakw.com\/?post_type=product&#038;p=38572"},"modified":"2026-04-04T15:20:36","modified_gmt":"2026-04-04T12:20:36","slug":"anker-nano-power-bank-10000mah-30w-built-in-usb-c-cable-blue","status":"publish","type":"product","link":"https:\/\/forsakw.com\/ar\/product\/anker-nano-power-bank-10000mah-30w-built-in-usb-c-cable-blue\/","title":{"rendered":"\u0634\u0627\u062d\u0646 \u0623\u0646\u0643\u0631 \u0646\u0627\u0646\u0648 \u0628\u0627\u0648\u0631 \u0628\u0627\u0646\u0643 \u2013 10,000 \u0645\u0644\u0644\u064a \u0623\u0645\u0628\u064a\u0631 \u2013 30 \u0648\u0627\u0637 \u2013 \u0643\u0627\u0628\u0644 \u064a\u0648 \u0625\u0633 \u0628\u064a \u0633\u064a \u0645\u062f\u0645\u062c \u2013 \u0623\u0632\u0631\u0642"},"content":{"rendered":"<div class=\"tabs__title-list tabs__title-list--template--17434124189894__52bf00c5-c1a5-4bcd-9b87-204e690ab1d5\">\n<div class=\"tabs__title-list-wrapper flex\">\n<div class=\"tabs__title-list tabs__title-list--template--17434124189894__52bf00c5-c1a5-4bcd-9b87-204e690ab1d5\">\n<div class=\"tabs__title-list-wrapper flex\">\n<div class=\"tabs__title-list tabs__title-list--template--17434124189894__52bf00c5-c1a5-4bcd-9b87-204e690ab1d5\">\n<p><label class=\"tabs__item-label font-heading-bold light por db h4\" for=\"tab-item-input-template--17434124189894__52bf00c5-c1a5-4bcd-9b87-204e690ab1d5-1638dd10-8e33-4e82-b01c-2eb71d6362ba\">Product description<\/label><\/p>\n<\/div>\n<\/div>\n<div class=\"tabs__content-list tabs__content-list--template--17434124189894__52bf00c5-c1a5-4bcd-9b87-204e690ab1d5 element-small-margin-top\">\n<div class=\"tabs__tab-content--template--17434124189894__52bf00c5-c1a5-4bcd-9b87-204e690ab1d5 tabs__tab-content--template--17434124189894__52bf00c5-c1a5-4bcd-9b87-204e690ab1d5-1638dd10-8e33-4e82-b01c-2eb71d6362ba w100\" data-suffix=\"template--17434124189894__52bf00c5-c1a5-4bcd-9b87-204e690ab1d5-1638dd10-8e33-4e82-b01c-2eb71d6362ba\">\n<div>\n<div class=\"truncate-text__content-wrapper expand\">\n<div class=\"truncate-text__content rte\">\n<div class=\"ace-line ace-line old-record-id-Nqf1dMCy5oBM6Qx62kHc2hn4nvb\"><strong>Product Details<\/strong><\/div>\n<div class=\"ace-line ace-line old-record-id-Nqf1dMCy5oBM6Qx62kHc2hn4nvb\">Model Number:\u00a0A1259H31<\/div>\n<div class=\"ace-line ace-line old-record-id-C1czd6qz9o8p0bx8ZhGchVYUnLg\">Anker Nano Power Bank (30W, Built-In USB-C Cable)<\/div>\n<div class=\"ace-line ace-line old-record-id-CTJHdX0Sgokk5exKpkMc5A6Dnkb\">Fast and Convenient Power Bank for Your Mobile Devices<\/div>\n<div class=\"ace-line ace-line old-record-id-LaW9dOOgcoNiAdxYQ1ecQIZGnD3\"><\/div>\n<div class=\"ace-line ace-line old-record-id-N5A4dzIBeoTOaGxzmgiczR7On7d\"><strong>30W High-Speed Charging<\/strong><\/div>\n<div class=\"ace-line ace-line old-record-id-MJxsdaYxdoWLPHxRoEjcolVpn09\">Get fast 30W charging and recharging using the 30W USB-C cable. Recharge the power bank to 50% in just 45 minutes or charge an iPhone 14 to 50% within 30 minutes.<\/div>\n<div class=\"ace-line ace-line old-record-id-MJxsdaYxdoWLPHxRoEjcolVpn09\" style=\"text-align: left;\"><\/div>\n<div class=\"ace-line ace-line old-record-id-MJxsdaYxdoWLPHxRoEjcolVpn09\" style=\"text-align: left;\"><\/div>\n<div class=\"ace-line ace-line old-record-id-MJxsdaYxdoWLPHxRoEjcolVpn09\" style=\"text-align: left;\"><img data-recalc-dims=\"1\" decoding=\"async\" style=\"margin-bottom: 16px; float: none;\" src=\"https:\/\/i0.wp.com\/cdn.shopify.com\/s\/files\/1\/0635\/6477\/5622\/files\/Anker_Nano_Power_Bank_-_10_000mAh_-_30W_-_Built-In_USB-C_Cable_-Blue-1_1024x1024.webp?ssl=1\" \/><\/div>\n<div class=\"ace-line ace-line old-record-id-Z9BhdcHDEoz5zhxgUwFc4MZRnje\"><\/div>\n<div class=\"ace-line ace-line old-record-id-QiRXdFk2uohMzgxGpDXcXnAznId\"><strong>Small Size, Mighty Performance<\/strong><\/div>\n<div class=\"ace-line ace-line old-record-id-ZK9YdVMnmo3l9LxZuITc27bRnJg\">Carry massive power in a conveniently compact form with this power bank, measuring only 4.09 \u00d7 2.06 \u00d7 1.02 inches\u00a0(104 \u00d7 52.3 \u00d7 26 mm) .<\/div>\n<div class=\"ace-line ace-line old-record-id-ZK9YdVMnmo3l9LxZuITc27bRnJg\"><\/div>\n<div class=\"ace-line ace-line old-record-id-ZK9YdVMnmo3l9LxZuITc27bRnJg\" style=\"text-align: start;\"><img data-recalc-dims=\"1\" decoding=\"async\" style=\"margin-bottom: 16px; float: none;\" src=\"https:\/\/i0.wp.com\/cdn.shopify.com\/s\/files\/1\/0635\/6477\/5622\/files\/Anker_Nano_Power_Bank_-_10_000mAh_-_30W_-_Built-In_USB-C_Cable_-Blue-6_1024x1024.webp?ssl=1\" \/><\/div>\n<div class=\"ace-line ace-line old-record-id-ZK9YdVMnmo3l9LxZuITc27bRnJg\"><\/div>\n<div class=\"ace-line ace-line old-record-id-IPeoddP23olZbYxHmh0ccpGjnMb\"><strong>Easy Portability, Endless Power<\/strong><\/div>\n<div class=\"ace-line ace-line old-record-id-OH0CdTTQgosKyYxQiHScVSWGnih\">Enjoy effortless portability and uninterrupted power thanks to the reliable USB-C cable, complemented by a built-in handle for easy carrying.<\/div>\n<div class=\"ace-line ace-line old-record-id-OH0CdTTQgosKyYxQiHScVSWGnih\"><\/div>\n<div class=\"ace-line ace-line old-record-id-OH0CdTTQgosKyYxQiHScVSWGnih\"><\/div>\n<div class=\"ace-line ace-line old-record-id-OH0CdTTQgosKyYxQiHScVSWGnih\" style=\"text-align: start;\"><img data-recalc-dims=\"1\" decoding=\"async\" style=\"margin-bottom: 16px; float: none;\" src=\"https:\/\/i0.wp.com\/cdn.shopify.com\/s\/files\/1\/0635\/6477\/5622\/files\/Anker_Nano_Power_Bank_-_10_000mAh_-_30W_-_Built-In_USB-C_Cable_-Blue-4_1024x1024.webp?ssl=1\" \/><\/div>\n<div class=\"ace-line ace-line old-record-id-INXbdazUHo79w7xuEr3cnsUnnuh\"><\/div>\n<div class=\"ace-line ace-line old-record-id-AMMXdhA9xog7cDxuNA5csvtBnXu\"><strong>Stay Informed with a Colorful Display<\/strong><\/div>\n<div class=\"ace-line ace-line old-record-id-SyQndWwKWoUjJixZFlmcMj8QnOd\">Keep track of your charging status with ease using the vibrant color screen, providing you with detailed information in a user-friendly interface.<\/div>\n<div class=\"ace-line ace-line old-record-id-SyQndWwKWoUjJixZFlmcMj8QnOd\"><\/div>\n<div class=\"ace-line ace-line old-record-id-SyQndWwKWoUjJixZFlmcMj8QnOd\" style=\"text-align: start;\"><img data-recalc-dims=\"1\" decoding=\"async\" style=\"margin-bottom: 16px; float: none;\" src=\"https:\/\/i0.wp.com\/cdn.shopify.com\/s\/files\/1\/0635\/6477\/5622\/files\/Anker_Nano_Power_Bank_-_10_000mAh_-_30W_-_Built-In_USB-C_Cable_-Blue-2_1024x1024.webp?ssl=1\" \/><\/div>\n<div class=\"ace-line ace-line old-record-id-SyQndWwKWoUjJixZFlmcMj8QnOd\">\n<h2 class=\"text-2xl mb-10\">Specs<\/h2>\n<\/div>\n<div class=\"flex flex-wrap\">\n<div class=\"mb-[40px] w-[290px] md:w-fit md:min-w-[50%] md:pr-[20px]\">\n<p><strong>Weight :\u00a0<\/strong>7.58 oz (215 g)<\/p>\n<p><strong>Dimensions:<\/strong>\u00a04.09 \u00d7 2.06 \u00d7 1.02 in (104 \u00d7 52.3 \u00d7 26 mm)<\/p>\n<\/div>\n<div class=\"mb-[40px] w-[290px] md:w-fit md:min-w-[50%] md:pr-[20px]\">\n<p><strong>Output:\u00a0<\/strong>\u00a0\u00a0 \u00a0 USB-C Cable: 30W Max (5V\u23933A \/ 9V\u23933A \/ 10V\u23932.25A \/ 12V\u23932.5A \/ 15V\u23932A \/ 20V\u23931.5A\uff09<\/p>\n<p style=\"padding-left: 80px;\">USB-C: 30W Max (5V\u23933A \/ 9V\u23933A \/ 10V\u23932.25A \/ 12V\u23932.5A \/ 15V\u23932A \/ 20V\u23931.5A)<\/p>\n<p style=\"padding-left: 80px;\">USB-A: 22.5W Max (5V\u23933A \/ 9V\u23932A \/ 10V\u23932.25A \/ 12V\u23931.5A)<\/p>\n<div class=\"mb-[40px] w-[290px] md:w-fit md:min-w-[50%] md:pr-[20px]\">\n<p><strong>Input:<\/strong>\u00a0 \u00a0 \u00a0 \u00a0 \u00a0 \u00a0USB-C Cable: 30W Max (5V\u23933A \/ 9V\u23933A \/ 15V\u23932A \/ 20V\u23931.5A\uff09<\/p>\n<\/div>\n<div class=\"mb-[40px] w-[290px] md:w-fit md:min-w-[50%] md:pr-[20px]\">\n<p style=\"padding-left: 40px;\">\u00a0 \u00a0 \u00a0 \u00a0 \u00a0 \u00a0USB-C: 30W Max (5V\u23933A \/ 9V\u23933A \/ 15V\u23932A \/ 20V\u23931.5A)<\/p>\n<\/div>\n<p class=\"Manuals_textSmall__Gu4Xc\"><strong>Total Wattage:<\/strong> 24W Max<\/p>\n<\/div>\n<\/div>\n<\/div>\n<\/div>\n<\/div>\n<\/div>\n<\/div>\n<\/div>\n<\/div>\n<\/div>\n<p>\u0628\u0627\u0648\u0631 \u0628\u0627\u0646\u0643 \u0627\u0646\u0643\u0631<\/p>\n<h6 class=\"LC20lb MBeuO DKV0Md\">\u0634\u0627\u062d\u0646 \u0645\u062a\u0646\u0642\u0644 \u0627\u0646\u0643\u0631<\/h6>\n","protected":false},"excerpt":{"rendered":"<p>Product description Product Details Model Number:\u00a0A1259H31 Anker Nano Power Bank (30W, Built-In USB-C Cable) Fast and Convenient Power Bank for<\/p>","protected":false},"featured_media":38574,"comment_status":"open","ping_status":"closed","template":"","meta":[],"product_brand":[1220],"product_cat":[745,1219,766],"product_tag":[743,1473,1503],"class_list":{"0":"post-38572","1":"product","2":"type-product","3":"status-publish","4":"has-post-thumbnail","6":"product_brand-anker","7":"product_cat-anker-products","8":"product_cat-dont-miss-it","9":"product_cat-power-banks","10":"product_tag-anker","11":"product_tag-anker-power-bank","12":"product_tag-power-banks-chargers","14":"first","15":"instock","16":"sale","17":"featured","18":"shipping-taxable","19":"purchasable","20":"product-type-simple"},"pure_taxonomies":{"product_brand":[{"term_id":1220,"name":"Anker","slug":"anker","term_group":0,"term_taxonomy_id":1220,"taxonomy":"product_brand","description":"","parent":0,"count":81,"filter":"raw","image":""}],"product_cat":[{"term_id":745,"name":"Anker Products","slug":"anker-products","term_group":0,"term_taxonomy_id":745,"taxonomy":"product_cat","description":"","parent":0,"count":80,"filter":"raw","image":""},{"term_id":1219,"name":"Don\u2019t Miss It!","slug":"dont-miss-it","term_group":0,"term_taxonomy_id":1219,"taxonomy":"product_cat","description":"","parent":0,"count":86,"filter":"raw","image":""},{"term_id":766,"name":"Power Banks","slug":"power-banks","term_group":0,"term_taxonomy_id":766,"taxonomy":"product_cat","description":"","parent":0,"count":41,"filter":"raw","image":""}],"product_tag":[{"term_id":743,"name":"Anker","slug":"anker","term_group":0,"term_taxonomy_id":743,"taxonomy":"product_tag","description":"","parent":0,"count":67,"filter":"raw","image":""},{"term_id":1473,"name":"Anker Power Bank","slug":"anker-power-bank","term_group":0,"term_taxonomy_id":1473,"taxonomy":"product_tag","description":"","parent":0,"count":12,"filter":"raw","image":""},{"term_id":1503,"name":"Power Banks &amp; Chargers","slug":"power-banks-chargers","term_group":0,"term_taxonomy_id":1503,"taxonomy":"product_tag","description":"","parent":0,"count":77,"filter":"raw","image":""}]},"yoast_head":"<!-- This site is optimized with the Yoast SEO Premium plugin v26.8 (Yoast SEO v27.3) - https:\/\/yoast.com\/product\/yoast-seo-premium-wordpress\/ -->\n<title>Anker Nano Power Bank - 10,000mAh - 30W - Built-In US - Forsa Kuwait<\/title>\n<meta name=\"description\" content=\"Anker Nano Power Bank - 10,000mAh - 30W - Built-In USB-C Cable -Blue\" \/>\n<meta name=\"robots\" content=\"index, follow, max-snippet:-1, max-image-preview:large, max-video-preview:-1\" \/>\n<link rel=\"canonical\" href=\"https:\/\/forsakw.com\/ar\/product\/anker-nano-power-bank-10000mah-30w-built-in-usb-c-cable-blue\/\" \/>\n<meta property=\"og:locale\" content=\"ar_AR\" \/>\n<meta property=\"og:type\" content=\"article\" \/>\n<meta property=\"og:title\" content=\"Anker Nano Power Bank - 10,000mAh - 30W - Built-In USB-C Cable -Blue\" \/>\n<meta property=\"og:description\" content=\"Anker Nano Power Bank - 10,000mAh - 30W - Built-In USB-C Cable -Blue\" \/>\n<meta property=\"og:url\" content=\"https:\/\/forsakw.com\/ar\/product\/anker-nano-power-bank-10000mah-30w-built-in-usb-c-cable-blue\/\" \/>\n<meta property=\"og:site_name\" content=\"Forsa Kuwait\" \/>\n<meta property=\"article:modified_time\" content=\"2026-04-04T12:20:36+00:00\" \/>\n<meta property=\"og:image\" content=\"https:\/\/forsakw.com\/wp-content\/uploads\/2025\/05\/Anker_Nano_Power_Bank_-_10_000mAh_-_30W_-_Built-In_USB-C_Cable_-Blue_logo_forsa.webp\" \/>\n\t<meta property=\"og:image:width\" content=\"1080\" \/>\n\t<meta property=\"og:image:height\" content=\"1080\" \/>\n\t<meta property=\"og:image:type\" content=\"image\/webp\" \/>\n<meta name=\"twitter:card\" content=\"summary_large_image\" \/>\n<meta name=\"twitter:label1\" content=\"\u0627\u0644\u0633\u0639\u0631\" \/>\n\t<meta name=\"twitter:data1\" content=\"10.500&nbsp;&#x62f;.&#x643;\" \/>\n\t<meta name=\"twitter:label2\" content=\"\u0627\u0644\u062a\u0648\u0641\u0631\" \/>\n\t<meta name=\"twitter:data2\" content=\"\u0645\u062a\u0648\u0641\u0631 \u0641\u064a \u0627\u0644\u0645\u062e\u0632\u0648\u0646\" \/>\n<script type=\"application\/ld+json\" class=\"yoast-schema-graph\">{\"@context\":\"https:\\\/\\\/schema.org\",\"@graph\":[{\"@type\":\"WebPage\",\"@id\":\"https:\\\/\\\/forsakw.com\\\/product\\\/anker-nano-power-bank-10000mah-30w-built-in-usb-c-cable-blue\\\/\",\"url\":\"https:\\\/\\\/forsakw.com\\\/product\\\/anker-nano-power-bank-10000mah-30w-built-in-usb-c-cable-blue\\\/\",\"name\":\"Anker Nano Power Bank - 10,000mAh - 30W - Built-In US - Forsa Kuwait\",\"isPartOf\":{\"@id\":\"https:\\\/\\\/forsakw.com\\\/#website\"},\"primaryImageOfPage\":{\"@id\":\"https:\\\/\\\/forsakw.com\\\/product\\\/anker-nano-power-bank-10000mah-30w-built-in-usb-c-cable-blue\\\/#primaryimage\"},\"image\":{\"@id\":\"https:\\\/\\\/forsakw.com\\\/product\\\/anker-nano-power-bank-10000mah-30w-built-in-usb-c-cable-blue\\\/#primaryimage\"},\"thumbnailUrl\":\"https:\\\/\\\/i0.wp.com\\\/forsakw.com\\\/wp-content\\\/uploads\\\/2025\\\/05\\\/Anker_Nano_Power_Bank_-_10_000mAh_-_30W_-_Built-In_USB-C_Cable_-Blue_logo_forsa.webp?fit=1080%2C1080&ssl=1\",\"datePublished\":\"2025-05-21T11:39:25+00:00\",\"dateModified\":\"2026-04-04T12:20:36+00:00\",\"description\":\"Anker Nano Power Bank - 10,000mAh - 30W - Built-In USB-C Cable -Blue\",\"breadcrumb\":{\"@id\":\"https:\\\/\\\/forsakw.com\\\/product\\\/anker-nano-power-bank-10000mah-30w-built-in-usb-c-cable-blue\\\/#breadcrumb\"},\"inLanguage\":\"ar\",\"potentialAction\":[{\"@type\":\"ReadAction\",\"target\":[\"https:\\\/\\\/forsakw.com\\\/product\\\/anker-nano-power-bank-10000mah-30w-built-in-usb-c-cable-blue\\\/\"]}]},{\"@type\":\"ImageObject\",\"inLanguage\":\"ar\",\"@id\":\"https:\\\/\\\/forsakw.com\\\/product\\\/anker-nano-power-bank-10000mah-30w-built-in-usb-c-cable-blue\\\/#primaryimage\",\"url\":\"https:\\\/\\\/i0.wp.com\\\/forsakw.com\\\/wp-content\\\/uploads\\\/2025\\\/05\\\/Anker_Nano_Power_Bank_-_10_000mAh_-_30W_-_Built-In_USB-C_Cable_-Blue_logo_forsa.webp?fit=1080%2C1080&ssl=1\",\"contentUrl\":\"https:\\\/\\\/i0.wp.com\\\/forsakw.com\\\/wp-content\\\/uploads\\\/2025\\\/05\\\/Anker_Nano_Power_Bank_-_10_000mAh_-_30W_-_Built-In_USB-C_Cable_-Blue_logo_forsa.webp?fit=1080%2C1080&ssl=1\",\"width\":1080,\"height\":1080},{\"@type\":\"BreadcrumbList\",\"@id\":\"https:\\\/\\\/forsakw.com\\\/product\\\/anker-nano-power-bank-10000mah-30w-built-in-usb-c-cable-blue\\\/#breadcrumb\",\"itemListElement\":[{\"@type\":\"ListItem\",\"position\":1,\"name\":\"Home\",\"item\":\"https:\\\/\\\/forsakw.com\\\/\"},{\"@type\":\"ListItem\",\"position\":2,\"name\":\"Shop\",\"item\":\"https:\\\/\\\/forsakw.com\\\/shop\\\/\"},{\"@type\":\"ListItem\",\"position\":3,\"name\":\"Anker Nano Power Bank &#8211; 10,000mAh &#8211; 30W &#8211; Built-In USB-C Cable -Blue\"}]},{\"@type\":\"WebSite\",\"@id\":\"https:\\\/\\\/forsakw.com\\\/#website\",\"url\":\"https:\\\/\\\/forsakw.com\\\/\",\"name\":\"Forsa Kuwait\",\"description\":\"\",\"publisher\":{\"@id\":\"https:\\\/\\\/forsakw.com\\\/#organization\"},\"potentialAction\":[{\"@type\":\"SearchAction\",\"target\":{\"@type\":\"EntryPoint\",\"urlTemplate\":\"https:\\\/\\\/forsakw.com\\\/?s={search_term_string}\"},\"query-input\":{\"@type\":\"PropertyValueSpecification\",\"valueRequired\":true,\"valueName\":\"search_term_string\"}}],\"inLanguage\":\"ar\"},{\"@type\":[\"Organization\",\"Place\",\"ShoppingCenter\"],\"@id\":\"https:\\\/\\\/forsakw.com\\\/#organization\",\"name\":\"Forsa Kuwait\",\"url\":\"https:\\\/\\\/forsakw.com\\\/\",\"logo\":{\"@id\":\"https:\\\/\\\/forsakw.com\\\/product\\\/anker-nano-power-bank-10000mah-30w-built-in-usb-c-cable-blue\\\/#local-main-organization-logo\"},\"image\":{\"@id\":\"https:\\\/\\\/forsakw.com\\\/product\\\/anker-nano-power-bank-10000mah-30w-built-in-usb-c-cable-blue\\\/#local-main-organization-logo\"},\"hasMerchantReturnPolicy\":{\"@type\":\"MerchantReturnPolicy\",\"merchantReturnLink\":\"https:\\\/\\\/forsakw.com\\\/ar\\\/return-policy\\\/\"},\"address\":{\"@id\":\"https:\\\/\\\/forsakw.com\\\/product\\\/anker-nano-power-bank-10000mah-30w-built-in-usb-c-cable-blue\\\/#local-main-place-address\"},\"telephone\":[],\"openingHoursSpecification\":[{\"@type\":\"OpeningHoursSpecification\",\"dayOfWeek\":[\"Saturday\",\"Sunday\",\"Monday\",\"Tuesday\",\"Wednesday\",\"Thursday\",\"Friday\"],\"opens\":\"09:00\",\"closes\":\"17:00\"}]},{\"@type\":\"PostalAddress\",\"@id\":\"https:\\\/\\\/forsakw.com\\\/product\\\/anker-nano-power-bank-10000mah-30w-built-in-usb-c-cable-blue\\\/#local-main-place-address\",\"streetAddress\":\"Kuwait, Khaitan, Muscat Street, Fahad Abdullah Al Dabbous Complex\",\"addressLocality\":\"Khaitan\",\"postalCode\":\"83052\",\"addressRegion\":\"Kuwait\",\"addressCountry\":\"KW\"},{\"@type\":\"ImageObject\",\"inLanguage\":\"ar\",\"@id\":\"https:\\\/\\\/forsakw.com\\\/product\\\/anker-nano-power-bank-10000mah-30w-built-in-usb-c-cable-blue\\\/#local-main-organization-logo\",\"url\":\"https:\\\/\\\/i0.wp.com\\\/forsakw.com\\\/wp-content\\\/uploads\\\/2025\\\/01\\\/logo-foo.png?fit=2048%2C1756&ssl=1\",\"contentUrl\":\"https:\\\/\\\/i0.wp.com\\\/forsakw.com\\\/wp-content\\\/uploads\\\/2025\\\/01\\\/logo-foo.png?fit=2048%2C1756&ssl=1\",\"width\":2048,\"height\":1756,\"caption\":\"Forsa Kuwait\"}]}<\/script>\n<meta property=\"product:brand\" content=\"Anker\" \/>\n<meta property=\"product:price:amount\" content=\"10.500\" \/>\n<meta property=\"product:price:currency\" content=\"KWD\" \/>\n<meta property=\"og:availability\" content=\"instock\" \/>\n<meta property=\"product:availability\" content=\"instock\" \/>\n<meta property=\"product:retailer_item_id\" content=\"194644155001\" \/>\n<meta property=\"product:condition\" content=\"new\" \/>\n<meta name=\"geo.placename\" content=\"Khaitan\" \/>\n<meta name=\"geo.region\" content=\"\u0627\u0644\u0643\u0648\u064a\u062a\" \/>\n<!-- \/ Yoast SEO Premium plugin. -->","yoast_head_json":{"title":"Anker Nano Power Bank - 10,000mAh - 30W - Built-In US - Forsa Kuwait","description":"\u0628\u0646\u0643 \u0627\u0644\u0637\u0627\u0642\u0629 \u0623\u0646\u0643\u0631 \u0646\u0627\u0646\u0648 \u0628\u0627\u0648\u0631 \u0628\u0627\u0646\u0643 - 10,000 \u0645\u0644\u0644\u064a \u0623\u0645\u0628\u064a\u0631 - 30 \u0648\u0627\u062a - \u0643\u0627\u0628\u0644 USB-C \u0645\u062f\u0645\u062c - \u0623\u0632\u0631\u0642","robots":{"index":"index","follow":"follow","max-snippet":"max-snippet:-1","max-image-preview":"max-image-preview:large","max-video-preview":"max-video-preview:-1"},"canonical":"https:\/\/forsakw.com\/ar\/product\/anker-nano-power-bank-10000mah-30w-built-in-usb-c-cable-blue\/","og_locale":"ar_AR","og_type":"article","og_title":"Anker Nano Power Bank - 10,000mAh - 30W - Built-In USB-C Cable -Blue","og_description":"Anker Nano Power Bank - 10,000mAh - 30W - Built-In USB-C Cable -Blue","og_url":"https:\/\/forsakw.com\/ar\/product\/anker-nano-power-bank-10000mah-30w-built-in-usb-c-cable-blue\/","og_site_name":"Forsa Kuwait","article_modified_time":"2026-04-04T12:20:36+00:00","og_image":[{"width":1080,"height":1080,"url":"https:\/\/forsakw.com\/wp-content\/uploads\/2025\/05\/Anker_Nano_Power_Bank_-_10_000mAh_-_30W_-_Built-In_USB-C_Cable_-Blue_logo_forsa.webp","type":"image\/webp"}],"twitter_card":"summary_large_image","twitter_misc":{"\u0627\u0644\u0633\u0639\u0631":"10.500&nbsp;&#x62f;.&#x643;","\u0627\u0644\u062a\u0648\u0641\u0631":"\u0645\u062a\u0648\u0641\u0631 \u0641\u064a \u0627\u0644\u0645\u062e\u0632\u0648\u0646"},"schema":{"@context":"https:\/\/schema.org","@graph":[{"@type":"WebPage","@id":"https:\/\/forsakw.com\/product\/anker-nano-power-bank-10000mah-30w-built-in-usb-c-cable-blue\/","url":"https:\/\/forsakw.com\/product\/anker-nano-power-bank-10000mah-30w-built-in-usb-c-cable-blue\/","name":"Anker Nano Power Bank - 10,000mAh - 30W - Built-In US - Forsa Kuwait","isPartOf":{"@id":"https:\/\/forsakw.com\/#website"},"primaryImageOfPage":{"@id":"https:\/\/forsakw.com\/product\/anker-nano-power-bank-10000mah-30w-built-in-usb-c-cable-blue\/#primaryimage"},"image":{"@id":"https:\/\/forsakw.com\/product\/anker-nano-power-bank-10000mah-30w-built-in-usb-c-cable-blue\/#primaryimage"},"thumbnailUrl":"https:\/\/i0.wp.com\/forsakw.com\/wp-content\/uploads\/2025\/05\/Anker_Nano_Power_Bank_-_10_000mAh_-_30W_-_Built-In_USB-C_Cable_-Blue_logo_forsa.webp?fit=1080%2C1080&ssl=1","datePublished":"2025-05-21T11:39:25+00:00","dateModified":"2026-04-04T12:20:36+00:00","description":"\u0628\u0646\u0643 \u0627\u0644\u0637\u0627\u0642\u0629 \u0623\u0646\u0643\u0631 \u0646\u0627\u0646\u0648 \u0628\u0627\u0648\u0631 \u0628\u0627\u0646\u0643 - 10,000 \u0645\u0644\u0644\u064a \u0623\u0645\u0628\u064a\u0631 - 30 \u0648\u0627\u062a - \u0643\u0627\u0628\u0644 USB-C \u0645\u062f\u0645\u062c - \u0623\u0632\u0631\u0642","breadcrumb":{"@id":"https:\/\/forsakw.com\/product\/anker-nano-power-bank-10000mah-30w-built-in-usb-c-cable-blue\/#breadcrumb"},"inLanguage":"ar","potentialAction":[{"@type":"ReadAction","target":["https:\/\/forsakw.com\/product\/anker-nano-power-bank-10000mah-30w-built-in-usb-c-cable-blue\/"]}]},{"@type":"ImageObject","inLanguage":"ar","@id":"https:\/\/forsakw.com\/product\/anker-nano-power-bank-10000mah-30w-built-in-usb-c-cable-blue\/#primaryimage","url":"https:\/\/i0.wp.com\/forsakw.com\/wp-content\/uploads\/2025\/05\/Anker_Nano_Power_Bank_-_10_000mAh_-_30W_-_Built-In_USB-C_Cable_-Blue_logo_forsa.webp?fit=1080%2C1080&ssl=1","contentUrl":"https:\/\/i0.wp.com\/forsakw.com\/wp-content\/uploads\/2025\/05\/Anker_Nano_Power_Bank_-_10_000mAh_-_30W_-_Built-In_USB-C_Cable_-Blue_logo_forsa.webp?fit=1080%2C1080&ssl=1","width":1080,"height":1080},{"@type":"BreadcrumbList","@id":"https:\/\/forsakw.com\/product\/anker-nano-power-bank-10000mah-30w-built-in-usb-c-cable-blue\/#breadcrumb","itemListElement":[{"@type":"ListItem","position":1,"name":"Home","item":"https:\/\/forsakw.com\/"},{"@type":"ListItem","position":2,"name":"Shop","item":"https:\/\/forsakw.com\/shop\/"},{"@type":"ListItem","position":3,"name":"Anker Nano Power Bank &#8211; 10,000mAh &#8211; 30W &#8211; Built-In USB-C Cable -Blue"}]},{"@type":"WebSite","@id":"https:\/\/forsakw.com\/#website","url":"https:\/\/forsakw.com\/","name":"\u0641\u0631\u0635\u0629 \u0627\u0644\u0643\u0648\u064a\u062a","description":"","publisher":{"@id":"https:\/\/forsakw.com\/#organization"},"potentialAction":[{"@type":"SearchAction","target":{"@type":"EntryPoint","urlTemplate":"https:\/\/forsakw.com\/?s={search_term_string}"},"query-input":{"@type":"PropertyValueSpecification","valueRequired":true,"valueName":"search_term_string"}}],"inLanguage":"ar"},{"@type":["Organization","Place","ShoppingCenter"],"@id":"https:\/\/forsakw.com\/#organization","name":"\u0641\u0631\u0635\u0629 \u0627\u0644\u0643\u0648\u064a\u062a","url":"https:\/\/forsakw.com\/","logo":{"@id":"https:\/\/forsakw.com\/product\/anker-nano-power-bank-10000mah-30w-built-in-usb-c-cable-blue\/#local-main-organization-logo"},"image":{"@id":"https:\/\/forsakw.com\/product\/anker-nano-power-bank-10000mah-30w-built-in-usb-c-cable-blue\/#local-main-organization-logo"},"hasMerchantReturnPolicy":{"@type":"MerchantReturnPolicy","merchantReturnLink":"https:\/\/forsakw.com\/ar\/return-policy\/"},"address":{"@id":"https:\/\/forsakw.com\/product\/anker-nano-power-bank-10000mah-30w-built-in-usb-c-cable-blue\/#local-main-place-address"},"telephone":[],"openingHoursSpecification":[{"@type":"OpeningHoursSpecification","dayOfWeek":["Saturday","Sunday","Monday","Tuesday","Wednesday","Thursday","Friday"],"opens":"09:00","closes":"17:00"}]},{"@type":"PostalAddress","@id":"https:\/\/forsakw.com\/product\/anker-nano-power-bank-10000mah-30w-built-in-usb-c-cable-blue\/#local-main-place-address","streetAddress":"Kuwait, Khaitan, Muscat Street, Fahad Abdullah Al Dabbous Complex","addressLocality":"Khaitan","postalCode":"83052","addressRegion":"Kuwait","addressCountry":"KW"},{"@type":"ImageObject","inLanguage":"ar","@id":"https:\/\/forsakw.com\/product\/anker-nano-power-bank-10000mah-30w-built-in-usb-c-cable-blue\/#local-main-organization-logo","url":"https:\/\/i0.wp.com\/forsakw.com\/wp-content\/uploads\/2025\/01\/logo-foo.png?fit=2048%2C1756&ssl=1","contentUrl":"https:\/\/i0.wp.com\/forsakw.com\/wp-content\/uploads\/2025\/01\/logo-foo.png?fit=2048%2C1756&ssl=1","width":2048,"height":1756,"caption":"Forsa Kuwait"}]},"product_brand":"Anker","product_price_amount":"10.500","product_price_currency":"KWD","og_availability":"instock","product_availability":"instock","product_retailer_item_id":"194644155001","product_condition":"new","geo.placename":"Khaitan","geo.region":"\u0627\u0644\u0643\u0648\u064a\u062a"},"jetpack_sharing_enabled":true,"jetpack-related-posts":[],"_links":{"self":[{"href":"https:\/\/forsakw.com\/ar\/wp-json\/wp\/v2\/product\/38572","targetHints":{"allow":["GET"]}}],"collection":[{"href":"https:\/\/forsakw.com\/ar\/wp-json\/wp\/v2\/product"}],"about":[{"href":"https:\/\/forsakw.com\/ar\/wp-json\/wp\/v2\/types\/product"}],"replies":[{"embeddable":true,"href":"https:\/\/forsakw.com\/ar\/wp-json\/wp\/v2\/comments?post=38572"}],"version-history":[{"count":1,"href":"https:\/\/forsakw.com\/ar\/wp-json\/wp\/v2\/product\/38572\/revisions"}],"predecessor-version":[{"id":71320,"href":"https:\/\/forsakw.com\/ar\/wp-json\/wp\/v2\/product\/38572\/revisions\/71320"}],"wp:featuredmedia":[{"embeddable":true,"href":"https:\/\/forsakw.com\/ar\/wp-json\/wp\/v2\/media\/38574"}],"wp:attachment":[{"href":"https:\/\/forsakw.com\/ar\/wp-json\/wp\/v2\/media?parent=38572"}],"wp:term":[{"taxonomy":"product_brand","embeddable":true,"href":"https:\/\/forsakw.com\/ar\/wp-json\/wp\/v2\/product_brand?post=38572"},{"taxonomy":"product_cat","embeddable":true,"href":"https:\/\/forsakw.com\/ar\/wp-json\/wp\/v2\/product_cat?post=38572"},{"taxonomy":"product_tag","embeddable":true,"href":"https:\/\/forsakw.com\/ar\/wp-json\/wp\/v2\/product_tag?post=38572"}],"curies":[{"name":"wp","href":"https:\/\/api.w.org\/{rel}","templated":true}]}}