{"id":36516,"date":"2025-03-06T02:35:29","date_gmt":"2025-03-06T02:35:29","guid":{"rendered":"https:\/\/forsakw.com\/?post_type=product&#038;p=36516"},"modified":"2026-03-20T19:31:17","modified_gmt":"2026-03-20T16:31:17","slug":"ugreen-magnetic-power-bank-10000mah-15086-20w-wireless-space-gray","status":"publish","type":"product","link":"https:\/\/forsakw.com\/ar\/product\/ugreen-magnetic-power-bank-10000mah-15086-20w-wireless-space-gray\/","title":{"rendered":"\u0628\u0627\u0648\u0631 \u0628\u0627\u0646\u0643 \u0627\u0644\u0645\u063a\u0646\u0627\u0637\u064a\u0633\u064a \u064a\u0648\u062c\u0631\u064a\u0646 10000 20 \u0648\u0627\u0637 \u0627\u0644\u0645\u0644\u0644\u064a \u0623\u0645\u0628\u064a\u0631 \u0644\u0627\u0633\u0644\u0643\u064a\u060c \u0631\u0645\u0627\u062f\u064a \u0641\u0636\u0627\u0626\u064a"},"content":{"rendered":"<div class=\"celwidget aplus-module premium-module-2-fullbackground-image aplus-premium\">\n<div class=\"a-section a-spacing-none premium-aplus premium-aplus-module-2\">\n<div class=\"a-section a-spacing-none premium-background-wrapper\">\n<div class=\"card__header\">\n<h2 class=\"card__title heading h3\">\u0627\u0644\u0648\u0635\u0641<\/h2>\n<\/div>\n<div class=\"card__section\">\n<div class=\"rte text--pull\">\n<div id=\"Overview\" class=\"t4s-tab-wrapper t4s-active\" data-t4s-tab-wrapper=\"\">\n<div id=\"t4s-tab-destemplate--14561696841790__main\" class=\"t4s-rte t4s-tab-content t4s-active\" data-t4s-tab-content=\"\">\n<div id=\"aplus\" class=\"a-section a-spacing-large bucket\">\n<div class=\"aplus-v2 desktop celwidget\">\n<div class=\"celwidget aplus-module premium-module-2-fullbackground-image aplus-premium\">\n<div class=\"a-section a-spacing-none premium-aplus premium-aplus-module-2\">\n<div class=\"a-section a-spacing-none premium-background-wrapper\"><\/div>\n<\/div>\n<\/div>\n<div class=\"celwidget aplus-module premium-module-2-fullbackground-image aplus-premium\">\n<div class=\"a-section a-spacing-none premium-aplus premium-aplus-module-2\">\n<div class=\"a-section a-spacing-none premium-background-wrapper\">\n<div class=\"a-section a-spacing-none background-image\">\n<p><strong>\u0628\u0646\u0643 \u0627\u0644\u0637\u0627\u0642\u0629 \u0627\u0644\u0645\u063a\u0646\u0627\u0637\u064a\u0633\u064a<\/strong><\/p>\n<p>\u0625\u064a\u0646\u063a\u0628\u0627\u0648\u062a\u0631\u060c \u0643\u0644\u0627\u0628\u0628\u0631 \u0633\u062a\u0627\u0646\u062f\u0631. \u062a\u0635\u0645\u064a\u0645 \u062e\u0627\u0631\u0642 225 \u062c\u0631\u0627\u0645. \u0628\u0637\u0627\u0631\u064a\u0629 \u0628\u0648\u0644\u064a\u0645\u0631-\u0644\u064a\u062b\u064a\u0648\u0645-\u0623\u064a\u0648\u0646\u064a\u0646. \u0628\u0637\u0627\u0631\u064a\u0629 \u0645\u063a\u0646\u0627\u0637\u064a\u0633\u064a\u0629 \u062a\u0639\u0645\u0644 \u0628\u0627\u0644\u0628\u0637\u0627\u0631\u064a\u0629 \u0627\u0644\u0645\u063a\u0646\u0627\u0637\u064a\u0633\u064a\u0629 \u0628\u062d\u062f \u0623\u0642\u0635\u0649. 7,5 \u0648\u0627\u062a \u0644\u0644\u0622\u064a\u0641\u0648\u0646 12-15. 20 \u0648\u0627\u062a \u0643\u062d\u062f \u0623\u0642\u0635\u0649. 20 \u0648\u0627\u062a \u0643\u062d\u062f \u0623\u0642\u0635\u0649.<\/p>\n<ul>\n<li>\u0645\u062f\u062e\u0644\u0627\u062a\/\u0645\u062e\u0631\u062c\u0627\u062a USB-C: 5 \u0641\u0648\u0644\u062a\u2393 3 \u0623\u0645\u0628\u064a\u0631\/ 3 \u0623\u0645\u0628\u064a\u0631\/ 9 \u0641\u0648\u0644\u062a\u2393 2.22 \u0623\u0645\u0628\u064a\u0631\/ 12 \u0641\u0648\u0644\u062a\u2393 1.5 \u0623\u0645\u0628\u064a\u0631 (20 \u0648\u0627\u062a \u0643\u062d\u062f \u0623\u0642\u0635\u0649)<\/li>\n<li>USB-A A A Ausgang: 5 \u0641\u0648\u0644\u062a\u2393 3 \u0623\u0645\u0628\u064a\u0631\/ 3 \u0623\u0645\u0628\u064a\u0631\/ 9 \u0641\u0648\u0644\u062a\u2393 2 \u0623\u0645\u0628\u064a\u0631\/ 12 \u0641\u0648\u0644\u062a\u2393 1,5 \u0623\u0645\u0628\u064a\u0631 (4,5 \u0641\u0648\u0644\u062a\u2393 5 \u0623\u0645\u0628\u064a\u0631\/ 5 \u0641\u0648\u0644\u062a\u2393 4,5 \u0623\u0645\u0628\u064a\u0631 \u0644\u0647\u0648\u0627\u0648\u064a)<\/li>\n<li>\u0645\u062e\u0631\u062c \u0627\u0644\u0634\u062d\u0646 \u0627\u0644\u0644\u0627\u0633\u0644\u0643\u064a: 15 \u0648\u0627\u0637 \u0643\u062d\u062f \u0623\u0642\u0635\u0649 (Leistung f\u00fcr iOS-Ger\u00e4te: 7,5 \u0648\u0627\u0637)<\/li>\n<li>\u0645\u064a\u0647\u0631\u0641\u0627\u062e\u0631 \u0634\u0648\u062a\u0632 \u00dcberladung\/\u00dcberentladung\/\u00dcberstrom\/\u00dcberstrom\/\u00dcberleistung\/\u00dcbertrometlung\/\u00dcberTemperTemperatur\/Kurzschluss\/Elektromagnetisches Feld<\/li>\n<li>\u0627\u0644\u0628\u0637\u0627\u0631\u064a\u0629 10000 \u0645\u0644\u0644\u064a \u0623\u0645\u0628\u064a\u0631 3.7 \u0641\u0648\u0644\u062a (37 \u0648\u0627\u0637 \u0633\u0627\u0639\u0629)<\/li>\n<li>\u0623\u0641\u0642\u064a\u064b\u0627 \u0648\u0639\u0645\u0648\u062f\u064a\u064b\u0627: Schnelles Laden in beide Richtungen. Stabile Unterst\u00fctzung Unterst\u00fctzung f\u00fcr das Spielen w\u00e4hrend des Ladens<\/li>\n<li>\u0634\u0646\u064a\u0644\u0644\u0627\u062f\u0648\u0646\u063a \u0645\u0646\u0641\u0630 \u0645\u0646 \u0627\u0644\u0646\u0648\u0639 C PD 20W<\/li>\n<li>\u0634\u0646\u064a\u0644\u0644\u0627\u062f\u0648\u0646\u063a: \u0645\u0646\u0641\u0630 USB A 22.5 \u0648\u0627\u0637 \u0643\u062d\u062f \u0623\u0642\u0635\u0649<\/li>\n<li>2 \u0646\u0648\u0639\u0627\u0646 \u0645\u0646 \u0627\u0644\u0634\u062d\u0646 \u0627\u0644\u0644\u0627\u0633\u0644\u0643\u064a: 7.5 \u0648\u0627\u0637 \u0643\u062d\u062f \u0623\u0642\u0635\u0649 \u0644\u0644\u0634\u062d\u0646 \u0627\u0644\u0644\u0627\u0633\u0644\u0643\u064a \/ 20 \u0648\u0627\u0637 \u0644\u0644\u0634\u062d\u0646 \u0627\u0644\u0644\u0627\u0633\u0644\u0643\u064a<\/li>\n<\/ul>\n<\/div>\n<\/div>\n<\/div>\n<\/div>\n<\/div>\n<\/div>\n<\/div>\n<\/div>\n<\/div>\n<\/div>\n<\/div>\n<\/div>\n<\/div>\n<p>\u0634\u0627\u062d\u0646 \u0645\u062a\u0646\u0642\u0644 \u064a\u0648\u062c\u0631\u064a\u0646 20 \u0648\u0627\u0637<\/p>\n<p>\u0628\u0627\u0648\u0631 \u0628\u0627\u0646\u0643 \u064a\u0648\u062c\u0631\u064a\u0646 20 \u0648\u0627\u0637<\/p>","protected":false},"excerpt":{"rendered":"<p>\u0627\u0644\u0648\u0635\u0641 \u0628\u0646\u0643 \u0627\u0644\u0637\u0627\u0642\u0629 \u0627\u0644\u0645\u063a\u0646\u0627\u0637\u064a\u0633\u064a Eingebauter\u060c \u0628\u0646\u0643 \u0627\u0644\u0637\u0627\u0642\u0629 \u0627\u0644\u0645\u063a\u0646\u0627\u0637\u064a\u0633\u064a Eingebauter\u060c klappbarer St\u00e4nder. \u062a\u0635\u0645\u064a\u0645 \u062e\u0627\u0631\u0642 225 \u062c\u0631\u0627\u0645. \u0628\u0637\u0627\u0631\u064a\u0629 \u0628\u0648\u0644\u064a\u0645\u0631-\u0644\u064a\u062b\u064a\u0648\u0645-\u0623\u064a\u0648\u0646\u064a\u0646. \u0628\u0637\u0627\u0631\u064a\u0629 \u0645\u063a\u0646\u0627\u0637\u064a\u0633\u064a\u0629 \u0630\u0627\u062a \u0633\u0639\u0629 \u0645\u063a\u0646\u0627\u0637\u064a\u0633\u064a\u0629 \u0628\u062d\u062f \u0623\u0642\u0635\u0649. 7,5 \u0648\u0627\u062a \u0644\u0644\u0622\u064a\u0641\u0648\u0646<\/p>","protected":false},"featured_media":33952,"comment_status":"open","ping_status":"closed","template":"","meta":[],"product_brand":[1257],"product_cat":[724,766,1231],"product_tag":[1503,1232],"class_list":{"0":"post-36516","1":"product","2":"type-product","3":"status-publish","4":"has-post-thumbnail","6":"product_brand-ugreen","7":"product_cat-power-bank","8":"product_cat-power-banks","9":"product_cat-ugreen","10":"product_tag-power-banks-chargers","11":"product_tag-ugreen","13":"first","14":"instock","15":"sale","16":"shipping-taxable","17":"purchasable","18":"product-type-simple"},"pure_taxonomies":{"product_brand":[{"term_id":1257,"name":"UGREEN","slug":"ugreen","term_group":0,"term_taxonomy_id":1257,"taxonomy":"product_brand","description":"","parent":0,"count":33,"filter":"raw","image":""}],"product_cat":[{"term_id":724,"name":"Power Bank","slug":"power-bank","term_group":0,"term_taxonomy_id":724,"taxonomy":"product_cat","description":"","parent":0,"count":17,"filter":"raw","image":""},{"term_id":766,"name":"Power Banks","slug":"power-banks","term_group":0,"term_taxonomy_id":766,"taxonomy":"product_cat","description":"","parent":0,"count":41,"filter":"raw","image":""},{"term_id":1231,"name":"Ugreen","slug":"ugreen","term_group":0,"term_taxonomy_id":1231,"taxonomy":"product_cat","description":"","parent":0,"count":33,"filter":"raw","image":""}],"product_tag":[{"term_id":1503,"name":"Power Banks &amp; Chargers","slug":"power-banks-chargers","term_group":0,"term_taxonomy_id":1503,"taxonomy":"product_tag","description":"","parent":0,"count":77,"filter":"raw","image":""},{"term_id":1232,"name":"Ugreen","slug":"ugreen","term_group":0,"term_taxonomy_id":1232,"taxonomy":"product_tag","description":"","parent":0,"count":33,"filter":"raw","image":""}]},"yoast_head":"<!-- This site is optimized with the Yoast SEO Premium plugin v26.8 (Yoast SEO v27.3) - https:\/\/yoast.com\/product\/yoast-seo-premium-wordpress\/ -->\n<title>Ugreen Magnetic Power Bank 10000mAh 15086 20W, Wireless, Space Gray - Forsa Kuwait<\/title>\n<meta name=\"robots\" content=\"index, follow, max-snippet:-1, max-image-preview:large, max-video-preview:-1\" \/>\n<link rel=\"canonical\" href=\"https:\/\/forsakw.com\/ar\/product\/ugreen-magnetic-power-bank-10000mah-15086-20w-wireless-space-gray\/\" \/>\n<meta property=\"og:locale\" content=\"ar_AR\" \/>\n<meta property=\"og:type\" content=\"article\" \/>\n<meta property=\"og:title\" content=\"Ugreen Magnetic Power Bank 10000mAh 15086 20W, Wireless, Space Gray\" \/>\n<meta property=\"og:description\" content=\"Description Magnetic Power Bank Eingebauter, klappbarer St\u00e4nder. 225g Superleichtes Design. Polymer-Lithium-Ionen-Batterie. Magnetisches drahtloses Aufladen mit max. 7,5 W f\u00fcr iPhone\" \/>\n<meta property=\"og:url\" content=\"https:\/\/forsakw.com\/ar\/product\/ugreen-magnetic-power-bank-10000mah-15086-20w-wireless-space-gray\/\" \/>\n<meta property=\"og:site_name\" content=\"Forsa Kuwait\" \/>\n<meta property=\"article:modified_time\" content=\"2026-03-20T16:31:17+00:00\" \/>\n<meta property=\"og:image\" content=\"https:\/\/forsakw.com\/wp-content\/uploads\/2025\/03\/UGREEN-15086-6941876210862-04_logo_forsa.webp\" \/>\n\t<meta property=\"og:image:width\" content=\"600\" \/>\n\t<meta property=\"og:image:height\" content=\"400\" \/>\n\t<meta property=\"og:image:type\" content=\"image\/jpeg\" \/>\n<meta name=\"twitter:card\" content=\"summary_large_image\" \/>\n<meta name=\"twitter:label1\" content=\"\u0627\u0644\u0633\u0639\u0631\" \/>\n\t<meta name=\"twitter:data1\" content=\"14.900&nbsp;&#x62f;.&#x643;\" \/>\n\t<meta name=\"twitter:label2\" content=\"\u0627\u0644\u062a\u0648\u0641\u0631\" \/>\n\t<meta name=\"twitter:data2\" content=\"\u0645\u062a\u0648\u0641\u0631 \u0641\u064a \u0627\u0644\u0645\u062e\u0632\u0648\u0646\" \/>\n<script type=\"application\/ld+json\" class=\"yoast-schema-graph\">{\"@context\":\"https:\\\/\\\/schema.org\",\"@graph\":[{\"@type\":\"WebPage\",\"@id\":\"https:\\\/\\\/forsakw.com\\\/product\\\/ugreen-magnetic-power-bank-10000mah-15086-20w-wireless-space-gray\\\/\",\"url\":\"https:\\\/\\\/forsakw.com\\\/product\\\/ugreen-magnetic-power-bank-10000mah-15086-20w-wireless-space-gray\\\/\",\"name\":\"Ugreen Magnetic Power Bank 10000mAh 15086 20W, Wireless, Space Gray - Forsa Kuwait\",\"isPartOf\":{\"@id\":\"https:\\\/\\\/forsakw.com\\\/#website\"},\"primaryImageOfPage\":{\"@id\":\"https:\\\/\\\/forsakw.com\\\/product\\\/ugreen-magnetic-power-bank-10000mah-15086-20w-wireless-space-gray\\\/#primaryimage\"},\"image\":{\"@id\":\"https:\\\/\\\/forsakw.com\\\/product\\\/ugreen-magnetic-power-bank-10000mah-15086-20w-wireless-space-gray\\\/#primaryimage\"},\"thumbnailUrl\":\"https:\\\/\\\/i0.wp.com\\\/forsakw.com\\\/wp-content\\\/uploads\\\/2025\\\/03\\\/UGREEN-15086-6941876210862-04_logo_forsa.webp?fit=600%2C400&ssl=1\",\"datePublished\":\"2025-03-06T02:35:29+00:00\",\"dateModified\":\"2026-03-20T16:31:17+00:00\",\"breadcrumb\":{\"@id\":\"https:\\\/\\\/forsakw.com\\\/product\\\/ugreen-magnetic-power-bank-10000mah-15086-20w-wireless-space-gray\\\/#breadcrumb\"},\"inLanguage\":\"ar\",\"potentialAction\":[{\"@type\":\"ReadAction\",\"target\":[\"https:\\\/\\\/forsakw.com\\\/product\\\/ugreen-magnetic-power-bank-10000mah-15086-20w-wireless-space-gray\\\/\"]}]},{\"@type\":\"ImageObject\",\"inLanguage\":\"ar\",\"@id\":\"https:\\\/\\\/forsakw.com\\\/product\\\/ugreen-magnetic-power-bank-10000mah-15086-20w-wireless-space-gray\\\/#primaryimage\",\"url\":\"https:\\\/\\\/i0.wp.com\\\/forsakw.com\\\/wp-content\\\/uploads\\\/2025\\\/03\\\/UGREEN-15086-6941876210862-04_logo_forsa.webp?fit=600%2C400&ssl=1\",\"contentUrl\":\"https:\\\/\\\/i0.wp.com\\\/forsakw.com\\\/wp-content\\\/uploads\\\/2025\\\/03\\\/UGREEN-15086-6941876210862-04_logo_forsa.webp?fit=600%2C400&ssl=1\",\"width\":600,\"height\":400},{\"@type\":\"BreadcrumbList\",\"@id\":\"https:\\\/\\\/forsakw.com\\\/product\\\/ugreen-magnetic-power-bank-10000mah-15086-20w-wireless-space-gray\\\/#breadcrumb\",\"itemListElement\":[{\"@type\":\"ListItem\",\"position\":1,\"name\":\"Home\",\"item\":\"https:\\\/\\\/forsakw.com\\\/\"},{\"@type\":\"ListItem\",\"position\":2,\"name\":\"Shop\",\"item\":\"https:\\\/\\\/forsakw.com\\\/shop\\\/\"},{\"@type\":\"ListItem\",\"position\":3,\"name\":\"Ugreen Magnetic Power Bank 10000mAh 15086 20W, Wireless, Space Gray\"}]},{\"@type\":\"WebSite\",\"@id\":\"https:\\\/\\\/forsakw.com\\\/#website\",\"url\":\"https:\\\/\\\/forsakw.com\\\/\",\"name\":\"Forsa Kuwait\",\"description\":\"\",\"publisher\":{\"@id\":\"https:\\\/\\\/forsakw.com\\\/#organization\"},\"potentialAction\":[{\"@type\":\"SearchAction\",\"target\":{\"@type\":\"EntryPoint\",\"urlTemplate\":\"https:\\\/\\\/forsakw.com\\\/?s={search_term_string}\"},\"query-input\":{\"@type\":\"PropertyValueSpecification\",\"valueRequired\":true,\"valueName\":\"search_term_string\"}}],\"inLanguage\":\"ar\"},{\"@type\":[\"Organization\",\"Place\",\"ShoppingCenter\"],\"@id\":\"https:\\\/\\\/forsakw.com\\\/#organization\",\"name\":\"Forsa Kuwait\",\"url\":\"https:\\\/\\\/forsakw.com\\\/\",\"logo\":{\"@id\":\"https:\\\/\\\/forsakw.com\\\/product\\\/ugreen-magnetic-power-bank-10000mah-15086-20w-wireless-space-gray\\\/#local-main-organization-logo\"},\"image\":{\"@id\":\"https:\\\/\\\/forsakw.com\\\/product\\\/ugreen-magnetic-power-bank-10000mah-15086-20w-wireless-space-gray\\\/#local-main-organization-logo\"},\"hasMerchantReturnPolicy\":{\"@type\":\"MerchantReturnPolicy\",\"merchantReturnLink\":\"https:\\\/\\\/forsakw.com\\\/ar\\\/return-policy\\\/\"},\"address\":{\"@id\":\"https:\\\/\\\/forsakw.com\\\/product\\\/ugreen-magnetic-power-bank-10000mah-15086-20w-wireless-space-gray\\\/#local-main-place-address\"},\"telephone\":[],\"openingHoursSpecification\":[{\"@type\":\"OpeningHoursSpecification\",\"dayOfWeek\":[\"Saturday\",\"Sunday\",\"Monday\",\"Tuesday\",\"Wednesday\",\"Thursday\",\"Friday\"],\"opens\":\"09:00\",\"closes\":\"17:00\"}]},{\"@type\":\"PostalAddress\",\"@id\":\"https:\\\/\\\/forsakw.com\\\/product\\\/ugreen-magnetic-power-bank-10000mah-15086-20w-wireless-space-gray\\\/#local-main-place-address\",\"streetAddress\":\"Kuwait, Khaitan, Muscat Street, Fahad Abdullah Al Dabbous Complex\",\"addressLocality\":\"Khaitan\",\"postalCode\":\"83052\",\"addressRegion\":\"Kuwait\",\"addressCountry\":\"KW\"},{\"@type\":\"ImageObject\",\"inLanguage\":\"ar\",\"@id\":\"https:\\\/\\\/forsakw.com\\\/product\\\/ugreen-magnetic-power-bank-10000mah-15086-20w-wireless-space-gray\\\/#local-main-organization-logo\",\"url\":\"https:\\\/\\\/i0.wp.com\\\/forsakw.com\\\/wp-content\\\/uploads\\\/2025\\\/01\\\/logo-foo.png?fit=2048%2C1756&ssl=1\",\"contentUrl\":\"https:\\\/\\\/i0.wp.com\\\/forsakw.com\\\/wp-content\\\/uploads\\\/2025\\\/01\\\/logo-foo.png?fit=2048%2C1756&ssl=1\",\"width\":2048,\"height\":1756,\"caption\":\"Forsa Kuwait\"}]}<\/script>\n<meta property=\"product:brand\" content=\"Ugreen\" \/>\n<meta property=\"product:price:amount\" content=\"14.900\" \/>\n<meta property=\"product:price:currency\" content=\"KWD\" \/>\n<meta property=\"og:availability\" content=\"instock\" \/>\n<meta property=\"product:availability\" content=\"instock\" \/>\n<meta property=\"product:retailer_item_id\" content=\"6941876210862\" \/>\n<meta property=\"product:condition\" content=\"new\" \/>\n<meta name=\"geo.placename\" content=\"Khaitan\" \/>\n<meta name=\"geo.region\" content=\"\u0627\u0644\u0643\u0648\u064a\u062a\" \/>\n<!-- \/ Yoast SEO Premium plugin. -->","yoast_head_json":{"title":"\u0628\u0646\u0643 \u0637\u0627\u0642\u0629 \u0645\u063a\u0646\u0627\u0637\u064a\u0633\u064a \u0645\u0646 \u064a\u0648\u062c\u0631\u064a\u0646 10000 \u0645\u0644\u0644\u064a \u0623\u0645\u0628\u064a\u0631 15086\u060c \u0644\u0627\u0633\u0644\u0643\u064a\u060c \u0631\u0645\u0627\u062f\u064a \u0641\u0636\u0627\u0626\u064a - \u0641\u0631\u0635\u0629 \u0627\u0644\u0643\u0648\u064a\u062a","robots":{"index":"index","follow":"follow","max-snippet":"max-snippet:-1","max-image-preview":"max-image-preview:large","max-video-preview":"max-video-preview:-1"},"canonical":"https:\/\/forsakw.com\/ar\/product\/ugreen-magnetic-power-bank-10000mah-15086-20w-wireless-space-gray\/","og_locale":"ar_AR","og_type":"article","og_title":"Ugreen Magnetic Power Bank 10000mAh 15086 20W, Wireless, Space Gray","og_description":"Description Magnetic Power Bank Eingebauter, klappbarer St\u00e4nder. 225g Superleichtes Design. Polymer-Lithium-Ionen-Batterie. Magnetisches drahtloses Aufladen mit max. 7,5 W f\u00fcr iPhone","og_url":"https:\/\/forsakw.com\/ar\/product\/ugreen-magnetic-power-bank-10000mah-15086-20w-wireless-space-gray\/","og_site_name":"Forsa Kuwait","article_modified_time":"2026-03-20T16:31:17+00:00","og_image":[{"width":600,"height":400,"url":"https:\/\/forsakw.com\/wp-content\/uploads\/2025\/03\/UGREEN-15086-6941876210862-04_logo_forsa.webp","type":"image\/jpeg"}],"twitter_card":"summary_large_image","twitter_misc":{"\u0627\u0644\u0633\u0639\u0631":"14.900&nbsp;&#x62f;.&#x643;","\u0627\u0644\u062a\u0648\u0641\u0631":"\u0645\u062a\u0648\u0641\u0631 \u0641\u064a \u0627\u0644\u0645\u062e\u0632\u0648\u0646"},"schema":{"@context":"https:\/\/schema.org","@graph":[{"@type":"WebPage","@id":"https:\/\/forsakw.com\/product\/ugreen-magnetic-power-bank-10000mah-15086-20w-wireless-space-gray\/","url":"https:\/\/forsakw.com\/product\/ugreen-magnetic-power-bank-10000mah-15086-20w-wireless-space-gray\/","name":"\u0628\u0646\u0643 \u0637\u0627\u0642\u0629 \u0645\u063a\u0646\u0627\u0637\u064a\u0633\u064a \u0645\u0646 \u064a\u0648\u062c\u0631\u064a\u0646 10000 \u0645\u0644\u0644\u064a \u0623\u0645\u0628\u064a\u0631 15086\u060c \u0644\u0627\u0633\u0644\u0643\u064a\u060c \u0631\u0645\u0627\u062f\u064a \u0641\u0636\u0627\u0626\u064a - \u0641\u0631\u0635\u0629 \u0627\u0644\u0643\u0648\u064a\u062a","isPartOf":{"@id":"https:\/\/forsakw.com\/#website"},"primaryImageOfPage":{"@id":"https:\/\/forsakw.com\/product\/ugreen-magnetic-power-bank-10000mah-15086-20w-wireless-space-gray\/#primaryimage"},"image":{"@id":"https:\/\/forsakw.com\/product\/ugreen-magnetic-power-bank-10000mah-15086-20w-wireless-space-gray\/#primaryimage"},"thumbnailUrl":"https:\/\/i0.wp.com\/forsakw.com\/wp-content\/uploads\/2025\/03\/UGREEN-15086-6941876210862-04_logo_forsa.webp?fit=600%2C400&ssl=1","datePublished":"2025-03-06T02:35:29+00:00","dateModified":"2026-03-20T16:31:17+00:00","breadcrumb":{"@id":"https:\/\/forsakw.com\/product\/ugreen-magnetic-power-bank-10000mah-15086-20w-wireless-space-gray\/#breadcrumb"},"inLanguage":"ar","potentialAction":[{"@type":"ReadAction","target":["https:\/\/forsakw.com\/product\/ugreen-magnetic-power-bank-10000mah-15086-20w-wireless-space-gray\/"]}]},{"@type":"ImageObject","inLanguage":"ar","@id":"https:\/\/forsakw.com\/product\/ugreen-magnetic-power-bank-10000mah-15086-20w-wireless-space-gray\/#primaryimage","url":"https:\/\/i0.wp.com\/forsakw.com\/wp-content\/uploads\/2025\/03\/UGREEN-15086-6941876210862-04_logo_forsa.webp?fit=600%2C400&ssl=1","contentUrl":"https:\/\/i0.wp.com\/forsakw.com\/wp-content\/uploads\/2025\/03\/UGREEN-15086-6941876210862-04_logo_forsa.webp?fit=600%2C400&ssl=1","width":600,"height":400},{"@type":"BreadcrumbList","@id":"https:\/\/forsakw.com\/product\/ugreen-magnetic-power-bank-10000mah-15086-20w-wireless-space-gray\/#breadcrumb","itemListElement":[{"@type":"ListItem","position":1,"name":"Home","item":"https:\/\/forsakw.com\/"},{"@type":"ListItem","position":2,"name":"Shop","item":"https:\/\/forsakw.com\/shop\/"},{"@type":"ListItem","position":3,"name":"Ugreen Magnetic Power Bank 10000mAh 15086 20W, Wireless, Space Gray"}]},{"@type":"WebSite","@id":"https:\/\/forsakw.com\/#website","url":"https:\/\/forsakw.com\/","name":"\u0641\u0631\u0635\u0629 \u0627\u0644\u0643\u0648\u064a\u062a","description":"","publisher":{"@id":"https:\/\/forsakw.com\/#organization"},"potentialAction":[{"@type":"SearchAction","target":{"@type":"EntryPoint","urlTemplate":"https:\/\/forsakw.com\/?s={search_term_string}"},"query-input":{"@type":"PropertyValueSpecification","valueRequired":true,"valueName":"search_term_string"}}],"inLanguage":"ar"},{"@type":["Organization","Place","ShoppingCenter"],"@id":"https:\/\/forsakw.com\/#organization","name":"\u0641\u0631\u0635\u0629 \u0627\u0644\u0643\u0648\u064a\u062a","url":"https:\/\/forsakw.com\/","logo":{"@id":"https:\/\/forsakw.com\/product\/ugreen-magnetic-power-bank-10000mah-15086-20w-wireless-space-gray\/#local-main-organization-logo"},"image":{"@id":"https:\/\/forsakw.com\/product\/ugreen-magnetic-power-bank-10000mah-15086-20w-wireless-space-gray\/#local-main-organization-logo"},"hasMerchantReturnPolicy":{"@type":"MerchantReturnPolicy","merchantReturnLink":"https:\/\/forsakw.com\/ar\/return-policy\/"},"address":{"@id":"https:\/\/forsakw.com\/product\/ugreen-magnetic-power-bank-10000mah-15086-20w-wireless-space-gray\/#local-main-place-address"},"telephone":[],"openingHoursSpecification":[{"@type":"OpeningHoursSpecification","dayOfWeek":["Saturday","Sunday","Monday","Tuesday","Wednesday","Thursday","Friday"],"opens":"09:00","closes":"17:00"}]},{"@type":"PostalAddress","@id":"https:\/\/forsakw.com\/product\/ugreen-magnetic-power-bank-10000mah-15086-20w-wireless-space-gray\/#local-main-place-address","streetAddress":"Kuwait, Khaitan, Muscat Street, Fahad Abdullah Al Dabbous Complex","addressLocality":"Khaitan","postalCode":"83052","addressRegion":"Kuwait","addressCountry":"KW"},{"@type":"ImageObject","inLanguage":"ar","@id":"https:\/\/forsakw.com\/product\/ugreen-magnetic-power-bank-10000mah-15086-20w-wireless-space-gray\/#local-main-organization-logo","url":"https:\/\/i0.wp.com\/forsakw.com\/wp-content\/uploads\/2025\/01\/logo-foo.png?fit=2048%2C1756&ssl=1","contentUrl":"https:\/\/i0.wp.com\/forsakw.com\/wp-content\/uploads\/2025\/01\/logo-foo.png?fit=2048%2C1756&ssl=1","width":2048,"height":1756,"caption":"Forsa Kuwait"}]},"product_brand":"Ugreen","product_price_amount":"14.900","product_price_currency":"KWD","og_availability":"instock","product_availability":"instock","product_retailer_item_id":"6941876210862","product_condition":"new","geo.placename":"Khaitan","geo.region":"\u0627\u0644\u0643\u0648\u064a\u062a"},"jetpack_sharing_enabled":true,"jetpack-related-posts":[],"_links":{"self":[{"href":"https:\/\/forsakw.com\/ar\/wp-json\/wp\/v2\/product\/36516","targetHints":{"allow":["GET"]}}],"collection":[{"href":"https:\/\/forsakw.com\/ar\/wp-json\/wp\/v2\/product"}],"about":[{"href":"https:\/\/forsakw.com\/ar\/wp-json\/wp\/v2\/types\/product"}],"replies":[{"embeddable":true,"href":"https:\/\/forsakw.com\/ar\/wp-json\/wp\/v2\/comments?post=36516"}],"version-history":[{"count":1,"href":"https:\/\/forsakw.com\/ar\/wp-json\/wp\/v2\/product\/36516\/revisions"}],"predecessor-version":[{"id":71836,"href":"https:\/\/forsakw.com\/ar\/wp-json\/wp\/v2\/product\/36516\/revisions\/71836"}],"wp:featuredmedia":[{"embeddable":true,"href":"https:\/\/forsakw.com\/ar\/wp-json\/wp\/v2\/media\/33952"}],"wp:attachment":[{"href":"https:\/\/forsakw.com\/ar\/wp-json\/wp\/v2\/media?parent=36516"}],"wp:term":[{"taxonomy":"product_brand","embeddable":true,"href":"https:\/\/forsakw.com\/ar\/wp-json\/wp\/v2\/product_brand?post=36516"},{"taxonomy":"product_cat","embeddable":true,"href":"https:\/\/forsakw.com\/ar\/wp-json\/wp\/v2\/product_cat?post=36516"},{"taxonomy":"product_tag","embeddable":true,"href":"https:\/\/forsakw.com\/ar\/wp-json\/wp\/v2\/product_tag?post=36516"}],"curies":[{"name":"wp","href":"https:\/\/api.w.org\/{rel}","templated":true}]}}